{"id":2304,"date":"2019-02-20T11:04:16","date_gmt":"2019-02-20T11:04:16","guid":{"rendered":"https:\/\/www.colindres.es\/?page_id=2304"},"modified":"2019-03-05T08:44:26","modified_gmt":"2019-03-05T08:44:26","slug":"modulo-formulario-divi","status":"publish","type":"page","link":"https:\/\/www.colindres.es\/index.php\/ciudadano\/modulo-formulario-divi\/","title":{"rendered":"WIFI Municipal"},"content":{"rendered":"<p>[et_pb_section fb_built=\u00bb1&#8243; _builder_version=\u00bb3.19.14&#8243; custom_padding=\u00bb39px|0px|0px|0px|false|false\u00bb][et_pb_row _builder_version=\u00bb3.19.14&#8243;][et_pb_column type=\u00bb4_4&#8243; _builder_version=\u00bb3.19.14&#8243;][et_pb_contact_form email=\u00bbadministracion@colindres.es\u00bb title=\u00bbSolicitud de Clave WIFI. Bienvenido al registro de la RED WIFI Municipal, para continuar debe registrarse y enviar el siguiente formulario y en breve recibira un ticket que le permitir\u00e1 acceso a la WIFI Municipal.\u00bb custom_message=\u00bbMensaje enviado desde el Formulario de contacto para solicitud de WIFI municipal.||et_pb_line_break_holder||Nombre: %%Name%%||et_pb_line_break_holder||Email: %%Email%%||et_pb_line_break_holder||Tel\u00e9fono: %%telefono%%||et_pb_line_break_holder||Mensaje: %%Message%%||et_pb_line_break_holder||Consentimiento: %%consentimiento%%\u00bb success_message=\u00bbSu mensaje ha sido enviado correctamente\u00bb submit_button_text=\u00bbEnviar\u00bb _builder_version=\u00bb3.19.14&#8243; box_shadow_style=\u00bbpreset2&#8243; box_shadow_horizontal=\u00bb-7px\u00bb][et_pb_contact_field field_id=\u00bbName\u00bb field_title=\u00bbNombre\u00bb fullwidth_field=\u00bbon\u00bb _builder_version=\u00bb3.19.14&#8243; border_radii=\u00bbon||||\u00bb button_text_size__hover_enabled=\u00bboff\u00bb button_one_text_size__hover_enabled=\u00bboff\u00bb button_two_text_size__hover_enabled=\u00bboff\u00bb button_text_color__hover_enabled=\u00bboff\u00bb button_one_text_color__hover_enabled=\u00bboff\u00bb button_two_text_color__hover_enabled=\u00bboff\u00bb button_border_width__hover_enabled=\u00bboff\u00bb button_one_border_width__hover_enabled=\u00bboff\u00bb button_two_border_width__hover_enabled=\u00bboff\u00bb button_border_color__hover_enabled=\u00bboff\u00bb button_one_border_color__hover_enabled=\u00bboff\u00bb button_two_border_color__hover_enabled=\u00bboff\u00bb button_border_radius__hover_enabled=\u00bboff\u00bb button_one_border_radius__hover_enabled=\u00bboff\u00bb button_two_border_radius__hover_enabled=\u00bboff\u00bb button_letter_spacing__hover_enabled=\u00bboff\u00bb button_one_letter_spacing__hover_enabled=\u00bboff\u00bb button_two_letter_spacing__hover_enabled=\u00bboff\u00bb button_bg_color__hover_enabled=\u00bboff\u00bb button_one_bg_color__hover_enabled=\u00bboff\u00bb button_two_bg_color__hover_enabled=\u00bboff\u00bb][\/et_pb_contact_field][et_pb_contact_field field_id=\u00bbEmail\u00bb field_title=\u00bbDirecci\u00f3n de correo electr\u00f3nico\u00bb field_type=\u00bbemail\u00bb fullwidth_field=\u00bbon\u00bb _builder_version=\u00bb3.19.14&#8243; border_radii=\u00bbon||||\u00bb button_text_size__hover_enabled=\u00bboff\u00bb button_one_text_size__hover_enabled=\u00bboff\u00bb button_two_text_size__hover_enabled=\u00bboff\u00bb button_text_color__hover_enabled=\u00bboff\u00bb button_one_text_color__hover_enabled=\u00bboff\u00bb button_two_text_color__hover_enabled=\u00bboff\u00bb button_border_width__hover_enabled=\u00bboff\u00bb button_one_border_width__hover_enabled=\u00bboff\u00bb button_two_border_width__hover_enabled=\u00bboff\u00bb button_border_color__hover_enabled=\u00bboff\u00bb button_one_border_color__hover_enabled=\u00bboff\u00bb button_two_border_color__hover_enabled=\u00bboff\u00bb button_border_radius__hover_enabled=\u00bboff\u00bb button_one_border_radius__hover_enabled=\u00bboff\u00bb button_two_border_radius__hover_enabled=\u00bboff\u00bb button_letter_spacing__hover_enabled=\u00bboff\u00bb button_one_letter_spacing__hover_enabled=\u00bboff\u00bb button_two_letter_spacing__hover_enabled=\u00bboff\u00bb button_bg_color__hover_enabled=\u00bboff\u00bb button_one_bg_color__hover_enabled=\u00bboff\u00bb button_two_bg_color__hover_enabled=\u00bboff\u00bb][\/et_pb_contact_field][et_pb_contact_field field_id=\u00bbMessage\u00bb field_title=\u00bbMensaje\u00bb field_type=\u00bbtext\u00bb fullwidth_field=\u00bbon\u00bb _builder_version=\u00bb3.16&#8243; border_radii=\u00bbon||||\u00bb button_text_size__hover_enabled=\u00bboff\u00bb button_one_text_size__hover_enabled=\u00bboff\u00bb button_two_text_size__hover_enabled=\u00bboff\u00bb button_text_color__hover_enabled=\u00bboff\u00bb button_one_text_color__hover_enabled=\u00bboff\u00bb button_two_text_color__hover_enabled=\u00bboff\u00bb button_border_width__hover_enabled=\u00bboff\u00bb button_one_border_width__hover_enabled=\u00bboff\u00bb button_two_border_width__hover_enabled=\u00bboff\u00bb button_border_color__hover_enabled=\u00bboff\u00bb button_one_border_color__hover_enabled=\u00bboff\u00bb button_two_border_color__hover_enabled=\u00bboff\u00bb button_border_radius__hover_enabled=\u00bboff\u00bb button_one_border_radius__hover_enabled=\u00bboff\u00bb button_two_border_radius__hover_enabled=\u00bboff\u00bb button_letter_spacing__hover_enabled=\u00bboff\u00bb button_one_letter_spacing__hover_enabled=\u00bboff\u00bb button_two_letter_spacing__hover_enabled=\u00bboff\u00bb button_bg_color__hover_enabled=\u00bboff\u00bb button_one_bg_color__hover_enabled=\u00bboff\u00bb button_two_bg_color__hover_enabled=\u00bboff\u00bb][\/et_pb_contact_field][et_pb_contact_field field_id=\u00bbtelefono\u00bb field_title=\u00bbTel\u00e9fono\u00bb _builder_version=\u00bb3.19.14&#8243;][\/et_pb_contact_field][et_pb_contact_field field_id=\u00bbconsentimiento\u00bb field_title=\u00bbConsentimiento\u00bb field_type=\u00bbcheckbox\u00bb checkbox_options=\u00bb%91{%22value%22:%22Acepto la pol\u00edtica de privacidad%22,%22checked%22:0,%22dragID%22:-1}%93&#8243; fullwidth_field=\u00bbon\u00bb _builder_version=\u00bb3.19.14&#8243;][\/et_pb_contact_field][\/et_pb_contact_form][et_pb_text _builder_version=\u00bb3.19.14&#8243;]<\/p>\n<p style=\"padding-left: 30px;\"><em><strong>Ver pol\u00edtica de privacidad<\/strong><\/em><\/p>\n<p style=\"padding-left: 30px;\"><em><strong>*<\/strong><\/em><em><strong>** RESPONSABLE:<\/strong> Es mi deber informarte que los datos de car\u00e1cter personal que me proporciones rellenando el presente formulario ser\u00e1n tratados por Ignacio S\u00e1inz San Emeterio (Rsponsable NTIC&#8217;s Ayuntamiento de Colindres) como responsable de esta web.<\/em><\/p>\n<p style=\"padding-left: 30px;\"><em><strong>*** FINALIDAD:<\/strong> La finalidad de la recogida y tratamiento de los datos personales que te solicito es para gestionar la solicitud que realizas en este formulario de contacto.<\/em><\/p>\n<p style=\"padding-left: 30px;\"><em><strong>*** LEGITIMACI\u00d3N:<\/strong> Consentimiento del interesado.<\/em><\/p>\n<p style=\"padding-left: 30px;\"><em><strong>*** DESTINATARIOS:<\/strong> Como usuario e interesado te informo que los datos que me facilitas estar\u00e1n ubicados en los servidores de Hostalia (proveedor de hosting de www..colindres.es) dentro de la UE.\u00a0<\/em><\/p>\n<p style=\"padding-left: 30px;\"><em>El hecho de que no introduzcas los datos de car\u00e1cter personal que aparecen en el formulario como obligatorios podr\u00e1 tener como consecuencia que no pueda atender tu solicitud<\/em><\/p>\n<p style=\"padding-left: 30px;\"><em>Podr\u00e1s ejercer tus derechos de acceso, rectificaci\u00f3n, limitaci\u00f3n y suprimir los datos escribi\u00e9ndome a administracion@colindres.es as\u00ed como el derecho a presentar una reclamaci\u00f3n ante una autoridad de control.<\/em><\/p>\n<p style=\"padding-left: 30px;\"><em>Puedes consultar la informaci\u00f3n adicional y detallada sobre Protecci\u00f3n de Datos en mi p\u00e1gina web: http:\/\/www..colindres.es, as\u00ed como consultar mi pol\u00edtica de privacidad.<\/em><\/p>\n<p style=\"padding-left: 30px;\"><em><b><u>Condiciones de uso:<\/u><\/b> Al acceder a la red inal\u00e1mbrica usted reconoce que ha le\u00eddo y entendido este acuerdo y acepta estar obligado por el mismo. El servicio de esta red inal\u00e1mbrica es proporcionado por el Ayuntamiento de Colindres. Su acceso a la red puede bloquearse, suspenderse o cancelarse en cualquier momento y por cualquier motivo y sin previo aviso. Usted acepta no utilizar la red inal\u00e1mbrica para cualquier fin que sea ilegal y asumir la total responsabilidad de sus actos. La red inal\u00e1mbrica se proporciona \u201ctal cual\u201d sin garant\u00edas de ning\u00fan tipo, ni expl\u00edcitas ni impl\u00edcitas. Un saludo, Departamento NTIC.<\/em><\/p>\n<p style=\"padding-left: 30px;\"><em><a href=\"https:\/\/colindres.es\/wp-content\/uploads\/2017\/11\/manual-wifi-municipal.pdf\">Descargue el manual de conexi\u00f3n aqu\u00ed.<\/a><\/em><\/p>\n<p style=\"padding-left: 30px;\"><em>En caso de problemas, dudas, por favor contacte v\u00eda administracion@colindres.es<\/em><\/p>\n<p>[\/et_pb_text][\/et_pb_column][\/et_pb_row][\/et_pb_section]<\/p>\n","protected":false},"excerpt":{"rendered":"<p>Ver pol\u00edtica de privacidad *** RESPONSABLE: Es mi deber informarte que los datos de car\u00e1cter personal que me proporciones rellenando el presente formulario ser\u00e1n tratados por Ignacio S\u00e1inz San Emeterio (Rsponsable NTIC&#8217;s Ayuntamiento de Colindres) como responsable de esta web. *** FINALIDAD: La finalidad de la recogida y tratamiento de los datos personales que te [&hellip;]<\/p>\n","protected":false},"author":1,"featured_media":0,"parent":13851,"menu_order":0,"comment_status":"closed","ping_status":"closed","template":"","meta":{"_et_pb_use_builder":"on","_et_pb_old_content":"","_et_gb_content_width":"","footnotes":""},"class_list":["post-2304","page","type-page","status-publish","hentry"],"yoast_head":"<!-- This site is optimized with the Yoast SEO plugin v24.9 - https:\/\/yoast.com\/wordpress\/plugins\/seo\/ -->\n<title>WIFI Municipal - Ayuntamiento de Colindres<\/title>\n<meta name=\"robots\" content=\"index, follow, max-snippet:-1, max-image-preview:large, max-video-preview:-1\" \/>\n<link rel=\"canonical\" href=\"https:\/\/www.colindres.es\/index.php\/ciudadano\/modulo-formulario-divi\/\" \/>\n<meta property=\"og:locale\" content=\"es_ES\" \/>\n<meta property=\"og:type\" content=\"article\" \/>\n<meta property=\"og:title\" content=\"WIFI Municipal - Ayuntamiento de Colindres\" \/>\n<meta property=\"og:description\" content=\"Ver pol\u00edtica de privacidad *** RESPONSABLE: Es mi deber informarte que los datos de car\u00e1cter personal que me proporciones rellenando el presente formulario ser\u00e1n tratados por Ignacio S\u00e1inz San Emeterio (Rsponsable NTIC&#039;s Ayuntamiento de Colindres) como responsable de esta web. *** FINALIDAD: La finalidad de la recogida y tratamiento de los datos personales que te [&hellip;]\" \/>\n<meta property=\"og:url\" content=\"https:\/\/www.colindres.es\/index.php\/ciudadano\/modulo-formulario-divi\/\" \/>\n<meta property=\"og:site_name\" content=\"Ayuntamiento de Colindres\" \/>\n<meta property=\"article:modified_time\" content=\"2019-03-05T08:44:26+00:00\" \/>\n<meta name=\"twitter:card\" content=\"summary_large_image\" \/>\n<meta name=\"twitter:label1\" content=\"Tiempo de lectura\" \/>\n\t<meta name=\"twitter:data1\" content=\"5 minutos\" \/>\n<script type=\"application\/ld+json\" class=\"yoast-schema-graph\">{\"@context\":\"https:\/\/schema.org\",\"@graph\":[{\"@type\":\"WebPage\",\"@id\":\"https:\/\/www.colindres.es\/index.php\/ciudadano\/modulo-formulario-divi\/\",\"url\":\"https:\/\/www.colindres.es\/index.php\/ciudadano\/modulo-formulario-divi\/\",\"name\":\"WIFI Municipal - Ayuntamiento de Colindres\",\"isPartOf\":{\"@id\":\"https:\/\/www.colindres.es\/#website\"},\"datePublished\":\"2019-02-20T11:04:16+00:00\",\"dateModified\":\"2019-03-05T08:44:26+00:00\",\"breadcrumb\":{\"@id\":\"https:\/\/www.colindres.es\/index.php\/ciudadano\/modulo-formulario-divi\/#breadcrumb\"},\"inLanguage\":\"es\",\"potentialAction\":[{\"@type\":\"ReadAction\",\"target\":[\"https:\/\/www.colindres.es\/index.php\/ciudadano\/modulo-formulario-divi\/\"]}]},{\"@type\":\"BreadcrumbList\",\"@id\":\"https:\/\/www.colindres.es\/index.php\/ciudadano\/modulo-formulario-divi\/#breadcrumb\",\"itemListElement\":[{\"@type\":\"ListItem\",\"position\":1,\"name\":\"Portada\",\"item\":\"https:\/\/www.colindres.es\/\"},{\"@type\":\"ListItem\",\"position\":2,\"name\":\"Ciudadano\",\"item\":\"https:\/\/www.colindres.es\/index.php\/ciudadano\/\"},{\"@type\":\"ListItem\",\"position\":3,\"name\":\"WIFI Municipal\"}]},{\"@type\":\"WebSite\",\"@id\":\"https:\/\/www.colindres.es\/#website\",\"url\":\"https:\/\/www.colindres.es\/\",\"name\":\"Ayuntamiento de Colindres\",\"description\":\"Dise\u00f1ado por NTIC&#039;s\",\"publisher\":{\"@id\":\"https:\/\/www.colindres.es\/#organization\"},\"potentialAction\":[{\"@type\":\"SearchAction\",\"target\":{\"@type\":\"EntryPoint\",\"urlTemplate\":\"https:\/\/www.colindres.es\/?s={search_term_string}\"},\"query-input\":{\"@type\":\"PropertyValueSpecification\",\"valueRequired\":true,\"valueName\":\"search_term_string\"}}],\"inLanguage\":\"es\"},{\"@type\":\"Organization\",\"@id\":\"https:\/\/www.colindres.es\/#organization\",\"name\":\"AYUNTAMIENTO DE COLINDRES\",\"url\":\"https:\/\/www.colindres.es\/\",\"logo\":{\"@type\":\"ImageObject\",\"inLanguage\":\"es\",\"@id\":\"https:\/\/www.colindres.es\/#\/schema\/logo\/image\/\",\"url\":\"https:\/\/www.colindres.es\/wp-content\/uploads\/2017\/01\/LOGO-PRINCIPAL.jpg\",\"contentUrl\":\"https:\/\/www.colindres.es\/wp-content\/uploads\/2017\/01\/LOGO-PRINCIPAL.jpg\",\"width\":1209,\"height\":579,\"caption\":\"AYUNTAMIENTO DE COLINDRES\"},\"image\":{\"@id\":\"https:\/\/www.colindres.es\/#\/schema\/logo\/image\/\"}}]}<\/script>\n<!-- \/ Yoast SEO plugin. -->","yoast_head_json":{"title":"WIFI Municipal - Ayuntamiento de Colindres","robots":{"index":"index","follow":"follow","max-snippet":"max-snippet:-1","max-image-preview":"max-image-preview:large","max-video-preview":"max-video-preview:-1"},"canonical":"https:\/\/www.colindres.es\/index.php\/ciudadano\/modulo-formulario-divi\/","og_locale":"es_ES","og_type":"article","og_title":"WIFI Municipal - Ayuntamiento de Colindres","og_description":"Ver pol\u00edtica de privacidad *** RESPONSABLE: Es mi deber informarte que los datos de car\u00e1cter personal que me proporciones rellenando el presente formulario ser\u00e1n tratados por Ignacio S\u00e1inz San Emeterio (Rsponsable NTIC's Ayuntamiento de Colindres) como responsable de esta web. *** FINALIDAD: La finalidad de la recogida y tratamiento de los datos personales que te [&hellip;]","og_url":"https:\/\/www.colindres.es\/index.php\/ciudadano\/modulo-formulario-divi\/","og_site_name":"Ayuntamiento de Colindres","article_modified_time":"2019-03-05T08:44:26+00:00","twitter_card":"summary_large_image","twitter_misc":{"Tiempo de lectura":"5 minutos"},"schema":{"@context":"https:\/\/schema.org","@graph":[{"@type":"WebPage","@id":"https:\/\/www.colindres.es\/index.php\/ciudadano\/modulo-formulario-divi\/","url":"https:\/\/www.colindres.es\/index.php\/ciudadano\/modulo-formulario-divi\/","name":"WIFI Municipal - Ayuntamiento de Colindres","isPartOf":{"@id":"https:\/\/www.colindres.es\/#website"},"datePublished":"2019-02-20T11:04:16+00:00","dateModified":"2019-03-05T08:44:26+00:00","breadcrumb":{"@id":"https:\/\/www.colindres.es\/index.php\/ciudadano\/modulo-formulario-divi\/#breadcrumb"},"inLanguage":"es","potentialAction":[{"@type":"ReadAction","target":["https:\/\/www.colindres.es\/index.php\/ciudadano\/modulo-formulario-divi\/"]}]},{"@type":"BreadcrumbList","@id":"https:\/\/www.colindres.es\/index.php\/ciudadano\/modulo-formulario-divi\/#breadcrumb","itemListElement":[{"@type":"ListItem","position":1,"name":"Portada","item":"https:\/\/www.colindres.es\/"},{"@type":"ListItem","position":2,"name":"Ciudadano","item":"https:\/\/www.colindres.es\/index.php\/ciudadano\/"},{"@type":"ListItem","position":3,"name":"WIFI Municipal"}]},{"@type":"WebSite","@id":"https:\/\/www.colindres.es\/#website","url":"https:\/\/www.colindres.es\/","name":"Ayuntamiento de Colindres","description":"Dise\u00f1ado por NTIC&#039;s","publisher":{"@id":"https:\/\/www.colindres.es\/#organization"},"potentialAction":[{"@type":"SearchAction","target":{"@type":"EntryPoint","urlTemplate":"https:\/\/www.colindres.es\/?s={search_term_string}"},"query-input":{"@type":"PropertyValueSpecification","valueRequired":true,"valueName":"search_term_string"}}],"inLanguage":"es"},{"@type":"Organization","@id":"https:\/\/www.colindres.es\/#organization","name":"AYUNTAMIENTO DE COLINDRES","url":"https:\/\/www.colindres.es\/","logo":{"@type":"ImageObject","inLanguage":"es","@id":"https:\/\/www.colindres.es\/#\/schema\/logo\/image\/","url":"https:\/\/www.colindres.es\/wp-content\/uploads\/2017\/01\/LOGO-PRINCIPAL.jpg","contentUrl":"https:\/\/www.colindres.es\/wp-content\/uploads\/2017\/01\/LOGO-PRINCIPAL.jpg","width":1209,"height":579,"caption":"AYUNTAMIENTO DE COLINDRES"},"image":{"@id":"https:\/\/www.colindres.es\/#\/schema\/logo\/image\/"}}]}},"_links":{"self":[{"href":"https:\/\/www.colindres.es\/index.php\/wp-json\/wp\/v2\/pages\/2304","targetHints":{"allow":["GET"]}}],"collection":[{"href":"https:\/\/www.colindres.es\/index.php\/wp-json\/wp\/v2\/pages"}],"about":[{"href":"https:\/\/www.colindres.es\/index.php\/wp-json\/wp\/v2\/types\/page"}],"author":[{"embeddable":true,"href":"https:\/\/www.colindres.es\/index.php\/wp-json\/wp\/v2\/users\/1"}],"replies":[{"embeddable":true,"href":"https:\/\/www.colindres.es\/index.php\/wp-json\/wp\/v2\/comments?post=2304"}],"version-history":[{"count":10,"href":"https:\/\/www.colindres.es\/index.php\/wp-json\/wp\/v2\/pages\/2304\/revisions"}],"predecessor-version":[{"id":2320,"href":"https:\/\/www.colindres.es\/index.php\/wp-json\/wp\/v2\/pages\/2304\/revisions\/2320"}],"up":[{"embeddable":true,"href":"https:\/\/www.colindres.es\/index.php\/wp-json\/wp\/v2\/pages\/13851"}],"wp:attachment":[{"href":"https:\/\/www.colindres.es\/index.php\/wp-json\/wp\/v2\/media?parent=2304"}],"curies":[{"name":"wp","href":"https:\/\/api.w.org\/{rel}","templated":true}]}}