{"id":16844,"date":"2022-08-27T11:28:26","date_gmt":"2022-08-27T09:28:26","guid":{"rendered":"https:\/\/www.colindres.es\/?page_id=16844"},"modified":"2022-08-27T16:41:40","modified_gmt":"2022-08-27T14:41:40","slug":"fiestas-san-gines-2022","status":"publish","type":"page","link":"https:\/\/www.colindres.es\/index.php\/fiestas-san-gines-2022\/","title":{"rendered":"FIESTAS SAN GIN\u00c9S 2022"},"content":{"rendered":"<p><em><strong>Mi\u00e9rcoles 24 de Agosto:<\/strong><\/em><\/p>\n<ul>\n<li>19.00 h. Apertura de Casetas y Barracas<\/li>\n<li>21.00 h. Actuaci\u00f3n musical LUNATIC CATZ<\/li>\n<li>22.30 h. Preg\u00f3n a cargo de los Deportistas Internacionales:\n<ul>\n<li>Ernesto Goribar Echevarr\u00eda (Pirag\u00fcismo)<\/li>\n<li>Laura y Luc\u00eda Ruiz P\u00e9rez (Ciclismo)<\/li>\n<\/ul>\n<\/li>\n<li>Reconocimientos especiales a:\n<ul>\n<li>Oscar Negrete y Unidos por un Reto<\/li>\n<li>Pe\u00f1a El Juncu<\/li>\n<\/ul>\n<\/li>\n<li>Pe\u00f1a San Juan<\/li>\n<li>Cofrad\u00eda del Bonito del Norte.<\/li>\n<li>23.00 h. Traca Inaugural.<\/li>\n<li>23.15 h. Orquesta Malasia.<\/li>\n<li>Al finalizar la orquesta DISCO M\u00d3VIL hasta las 4.30 h. de la madrugada.<\/li>\n<\/ul>\n<p><em><strong>Jueves 25 de Agosto:<\/strong><\/em><\/p>\n<ul>\n<li>12.00 h. Misa, en la Iglesia del Carmen.<\/li>\n<li>13.30 h. Batucada.<\/li>\n<li>18.30 h. Mascotas animadas para los m\u00e1s peque\u00f1@s.<\/li>\n<li>18.30 h. Chocolatada con churros.<\/li>\n<li>20.30 h. REBOBINA, m\u00fasica de los 60\/70 y 80\/90.<\/li>\n<li>23.00 h. Concierto de DANI FERN\u00c1NDEZ.<\/li>\n<li>Al finalizar el concierto. DISCO M\u00d3VIL hasta las 4.30 h. de la madrugada.<\/li>\n<li>Tren de calle para acercar a la gente a la fiesta.<\/li>\n<\/ul>\n<p><em><strong>Viernes 26 de Agosto:<\/strong><\/em><\/p>\n<ul>\n<li>11.30 a 13.30 h. Actividades para ni\u00f1@s: Hinchables y talleres.<\/li>\n<li>13.00 h. Grupo de Danzas Cicero.<\/li>\n<li>16.30 a 18.30 h. Actividades para ni\u00f1@s: Hinchables y talleres.<\/li>\n<li>18.00 h. Se repartir\u00e1n dos cerdos asados.<\/li>\n<li>19.00 h. Actuaci\u00f3n de Santi Sax and Friends.<\/li>\n<li>21.30 h. Concierto de JIMENO\u2019S BAND.<\/li>\n<li>23.00 h. Concierto de NACHA POP.<\/li>\n<li>Al finalizar el concierto. DISCO M\u00d3VIL hasta las 4.30 h. de la madrugada.<\/li>\n<\/ul>\n<p><em><strong>S\u00e1bado 27 de Agosto:<\/strong><\/em><\/p>\n<ul>\n<li>09.00 a 19.00 h. en el Polideportivo n\u00ba 2, VII Rallye Scalextric Memorial Jos\u00e9 \u00c1ngel Cuero.<\/li>\n<li>11.30 a 13.30 h. Actividades para ni\u00f1@s: Hinchables y talleres.<\/li>\n<li>13.30 h. Actuaci\u00f3n JAZZ.<\/li>\n<li>16.30 a 18.30 h. Actividades para ni\u00f1@s: Hinchables y talleres.<\/li>\n<li>17.30 h. XXVIII Bandera de San Gin\u00e9s de Traineras.<\/li>\n<li>19.00 h. Sardinada amenizada por las Pe\u00f1as El Juncu y San Juan.<\/li>\n<li>21.00 h. Concierto de CACHO<\/li>\n<li>23.00 h. Concierto de EL ARREBATO.<\/li>\n<li>Al finalizar el concierto. DISCO M\u00d3VIL hasta las 4.30 h. de la madrugada.<\/li>\n<li>Tren de calle para acercar a la gente a la fiesta.<\/li>\n<\/ul>\n<p><em><strong>Domingo 28 de Agosto:<\/strong><\/em><\/p>\n<ul>\n<li>D\u00cdA DE LA MARMITA: Organizada por la Cofrad\u00eda del Bonito del Norte de Colindres.<\/li>\n<li>09.00 h. Reparto de productos para la Marmita.<\/li>\n<li>10.30 h. Reparto de hielo en la f\u00e1brica.<\/li>\n<li>13.30 h. MARIACHIS.<\/li>\n<li>15.00 h. Cata del jurado.<\/li>\n<li>17.00 h. Entrega de premios del concurso de marmita.<\/li>\n<li>17.00 h. DISCO M\u00d3VIL CANTABRIA.<\/li>\n<li>17.30 h. Carrera de \u201cArtefactos Navegables\u201d.<\/li>\n<li>23.00 h. Fuegos artificiales.<\/li>\n<li>23.30 h. Concierto de EDURNE.<\/li>\n<li>Al finalizar el concierto de EDURNE DISCO M\u00d3VIL hasta las 4.30 h. de la madrugada.<\/li>\n<\/ul>\n<p><em><strong>Lunes 29 de Agosto:<\/strong><\/em><\/p>\n<ul>\n<li>D\u00cdA DEL NI\u00d1@ EN LAS BARRACAS<\/li>\n<li>17.00 h. Apertura de las barracas.<\/li>\n<li>18.00 h. Teatro infantil.<\/li>\n<li>19.00 h. Fiesta de la espuma.<\/li>\n<\/ul>\n","protected":false},"excerpt":{"rendered":"<p>Mi\u00e9rcoles 24 de Agosto: 19.00 h. Apertura de Casetas y Barracas 21.00 h. Actuaci\u00f3n musical LUNATIC CATZ 22.30 h. Preg\u00f3n a cargo de los Deportistas Internacionales: Ernesto Goribar Echevarr\u00eda (Pirag\u00fcismo) Laura y Luc\u00eda Ruiz P\u00e9rez (Ciclismo) Reconocimientos especiales a: Oscar Negrete y Unidos por un Reto Pe\u00f1a El Juncu Pe\u00f1a San Juan Cofrad\u00eda del Bonito [&hellip;]<\/p>\n","protected":false},"author":1,"featured_media":16847,"parent":0,"menu_order":0,"comment_status":"closed","ping_status":"closed","template":"","meta":{"_et_pb_use_builder":"","_et_pb_old_content":"","_et_gb_content_width":"","footnotes":""},"class_list":["post-16844","page","type-page","status-publish","has-post-thumbnail","hentry"],"yoast_head":"<!-- This site is optimized with the Yoast SEO plugin v24.9 - https:\/\/yoast.com\/wordpress\/plugins\/seo\/ -->\n<title>FIESTAS SAN GIN\u00c9S 2022 - Ayuntamiento de Colindres<\/title>\n<meta name=\"robots\" content=\"index, follow, max-snippet:-1, max-image-preview:large, max-video-preview:-1\" \/>\n<link rel=\"canonical\" href=\"https:\/\/www.colindres.es\/index.php\/fiestas-san-gines-2022\/\" \/>\n<meta property=\"og:locale\" content=\"es_ES\" \/>\n<meta property=\"og:type\" content=\"article\" \/>\n<meta property=\"og:title\" content=\"FIESTAS SAN GIN\u00c9S 2022 - Ayuntamiento de Colindres\" \/>\n<meta property=\"og:description\" content=\"Mi\u00e9rcoles 24 de Agosto: 19.00 h. Apertura de Casetas y Barracas 21.00 h. Actuaci\u00f3n musical LUNATIC CATZ 22.30 h. Preg\u00f3n a cargo de los Deportistas Internacionales: Ernesto Goribar Echevarr\u00eda (Pirag\u00fcismo) Laura y Luc\u00eda Ruiz P\u00e9rez (Ciclismo) Reconocimientos especiales a: Oscar Negrete y Unidos por un Reto Pe\u00f1a El Juncu Pe\u00f1a San Juan Cofrad\u00eda del Bonito [&hellip;]\" \/>\n<meta property=\"og:url\" content=\"https:\/\/www.colindres.es\/index.php\/fiestas-san-gines-2022\/\" \/>\n<meta property=\"og:site_name\" content=\"Ayuntamiento de Colindres\" \/>\n<meta property=\"article:modified_time\" content=\"2022-08-27T14:41:40+00:00\" \/>\n<meta name=\"twitter:card\" content=\"summary_large_image\" \/>\n<meta name=\"twitter:image\" content=\"https:\/\/www.colindres.es\/wp-content\/uploads\/2022\/08\/fiestas-san-gines-2022-copia-scaled.jpg\" \/>\n<meta name=\"twitter:label1\" content=\"Tiempo de lectura\" \/>\n\t<meta name=\"twitter:data1\" content=\"2 minutos\" \/>\n<script type=\"application\/ld+json\" class=\"yoast-schema-graph\">{\"@context\":\"https:\/\/schema.org\",\"@graph\":[{\"@type\":\"WebPage\",\"@id\":\"https:\/\/www.colindres.es\/index.php\/fiestas-san-gines-2022\/\",\"url\":\"https:\/\/www.colindres.es\/index.php\/fiestas-san-gines-2022\/\",\"name\":\"FIESTAS SAN GIN\u00c9S 2022 - Ayuntamiento de Colindres\",\"isPartOf\":{\"@id\":\"https:\/\/www.colindres.es\/#website\"},\"primaryImageOfPage\":{\"@id\":\"https:\/\/www.colindres.es\/index.php\/fiestas-san-gines-2022\/#primaryimage\"},\"image\":{\"@id\":\"https:\/\/www.colindres.es\/index.php\/fiestas-san-gines-2022\/#primaryimage\"},\"thumbnailUrl\":\"https:\/\/www.colindres.es\/wp-content\/uploads\/2022\/08\/fiestas-san-gines-2022-copia-scaled.jpg\",\"datePublished\":\"2022-08-27T09:28:26+00:00\",\"dateModified\":\"2022-08-27T14:41:40+00:00\",\"breadcrumb\":{\"@id\":\"https:\/\/www.colindres.es\/index.php\/fiestas-san-gines-2022\/#breadcrumb\"},\"inLanguage\":\"es\",\"potentialAction\":[{\"@type\":\"ReadAction\",\"target\":[\"https:\/\/www.colindres.es\/index.php\/fiestas-san-gines-2022\/\"]}]},{\"@type\":\"ImageObject\",\"inLanguage\":\"es\",\"@id\":\"https:\/\/www.colindres.es\/index.php\/fiestas-san-gines-2022\/#primaryimage\",\"url\":\"https:\/\/www.colindres.es\/wp-content\/uploads\/2022\/08\/fiestas-san-gines-2022-copia-scaled.jpg\",\"contentUrl\":\"https:\/\/www.colindres.es\/wp-content\/uploads\/2022\/08\/fiestas-san-gines-2022-copia-scaled.jpg\",\"width\":2560,\"height\":1440},{\"@type\":\"BreadcrumbList\",\"@id\":\"https:\/\/www.colindres.es\/index.php\/fiestas-san-gines-2022\/#breadcrumb\",\"itemListElement\":[{\"@type\":\"ListItem\",\"position\":1,\"name\":\"Portada\",\"item\":\"https:\/\/www.colindres.es\/\"},{\"@type\":\"ListItem\",\"position\":2,\"name\":\"FIESTAS SAN GIN\u00c9S 2022\"}]},{\"@type\":\"WebSite\",\"@id\":\"https:\/\/www.colindres.es\/#website\",\"url\":\"https:\/\/www.colindres.es\/\",\"name\":\"Ayuntamiento de Colindres\",\"description\":\"Dise\u00f1ado por NTIC&#039;s\",\"publisher\":{\"@id\":\"https:\/\/www.colindres.es\/#organization\"},\"potentialAction\":[{\"@type\":\"SearchAction\",\"target\":{\"@type\":\"EntryPoint\",\"urlTemplate\":\"https:\/\/www.colindres.es\/?s={search_term_string}\"},\"query-input\":{\"@type\":\"PropertyValueSpecification\",\"valueRequired\":true,\"valueName\":\"search_term_string\"}}],\"inLanguage\":\"es\"},{\"@type\":\"Organization\",\"@id\":\"https:\/\/www.colindres.es\/#organization\",\"name\":\"AYUNTAMIENTO DE COLINDRES\",\"url\":\"https:\/\/www.colindres.es\/\",\"logo\":{\"@type\":\"ImageObject\",\"inLanguage\":\"es\",\"@id\":\"https:\/\/www.colindres.es\/#\/schema\/logo\/image\/\",\"url\":\"https:\/\/www.colindres.es\/wp-content\/uploads\/2017\/01\/LOGO-PRINCIPAL.jpg\",\"contentUrl\":\"https:\/\/www.colindres.es\/wp-content\/uploads\/2017\/01\/LOGO-PRINCIPAL.jpg\",\"width\":1209,\"height\":579,\"caption\":\"AYUNTAMIENTO DE COLINDRES\"},\"image\":{\"@id\":\"https:\/\/www.colindres.es\/#\/schema\/logo\/image\/\"}}]}<\/script>\n<!-- \/ Yoast SEO plugin. -->","yoast_head_json":{"title":"FIESTAS SAN GIN\u00c9S 2022 - Ayuntamiento de Colindres","robots":{"index":"index","follow":"follow","max-snippet":"max-snippet:-1","max-image-preview":"max-image-preview:large","max-video-preview":"max-video-preview:-1"},"canonical":"https:\/\/www.colindres.es\/index.php\/fiestas-san-gines-2022\/","og_locale":"es_ES","og_type":"article","og_title":"FIESTAS SAN GIN\u00c9S 2022 - Ayuntamiento de Colindres","og_description":"Mi\u00e9rcoles 24 de Agosto: 19.00 h. Apertura de Casetas y Barracas 21.00 h. Actuaci\u00f3n musical LUNATIC CATZ 22.30 h. Preg\u00f3n a cargo de los Deportistas Internacionales: Ernesto Goribar Echevarr\u00eda (Pirag\u00fcismo) Laura y Luc\u00eda Ruiz P\u00e9rez (Ciclismo) Reconocimientos especiales a: Oscar Negrete y Unidos por un Reto Pe\u00f1a El Juncu Pe\u00f1a San Juan Cofrad\u00eda del Bonito [&hellip;]","og_url":"https:\/\/www.colindres.es\/index.php\/fiestas-san-gines-2022\/","og_site_name":"Ayuntamiento de Colindres","article_modified_time":"2022-08-27T14:41:40+00:00","twitter_card":"summary_large_image","twitter_image":"https:\/\/www.colindres.es\/wp-content\/uploads\/2022\/08\/fiestas-san-gines-2022-copia-scaled.jpg","twitter_misc":{"Tiempo de lectura":"2 minutos"},"schema":{"@context":"https:\/\/schema.org","@graph":[{"@type":"WebPage","@id":"https:\/\/www.colindres.es\/index.php\/fiestas-san-gines-2022\/","url":"https:\/\/www.colindres.es\/index.php\/fiestas-san-gines-2022\/","name":"FIESTAS SAN GIN\u00c9S 2022 - Ayuntamiento de Colindres","isPartOf":{"@id":"https:\/\/www.colindres.es\/#website"},"primaryImageOfPage":{"@id":"https:\/\/www.colindres.es\/index.php\/fiestas-san-gines-2022\/#primaryimage"},"image":{"@id":"https:\/\/www.colindres.es\/index.php\/fiestas-san-gines-2022\/#primaryimage"},"thumbnailUrl":"https:\/\/www.colindres.es\/wp-content\/uploads\/2022\/08\/fiestas-san-gines-2022-copia-scaled.jpg","datePublished":"2022-08-27T09:28:26+00:00","dateModified":"2022-08-27T14:41:40+00:00","breadcrumb":{"@id":"https:\/\/www.colindres.es\/index.php\/fiestas-san-gines-2022\/#breadcrumb"},"inLanguage":"es","potentialAction":[{"@type":"ReadAction","target":["https:\/\/www.colindres.es\/index.php\/fiestas-san-gines-2022\/"]}]},{"@type":"ImageObject","inLanguage":"es","@id":"https:\/\/www.colindres.es\/index.php\/fiestas-san-gines-2022\/#primaryimage","url":"https:\/\/www.colindres.es\/wp-content\/uploads\/2022\/08\/fiestas-san-gines-2022-copia-scaled.jpg","contentUrl":"https:\/\/www.colindres.es\/wp-content\/uploads\/2022\/08\/fiestas-san-gines-2022-copia-scaled.jpg","width":2560,"height":1440},{"@type":"BreadcrumbList","@id":"https:\/\/www.colindres.es\/index.php\/fiestas-san-gines-2022\/#breadcrumb","itemListElement":[{"@type":"ListItem","position":1,"name":"Portada","item":"https:\/\/www.colindres.es\/"},{"@type":"ListItem","position":2,"name":"FIESTAS SAN GIN\u00c9S 2022"}]},{"@type":"WebSite","@id":"https:\/\/www.colindres.es\/#website","url":"https:\/\/www.colindres.es\/","name":"Ayuntamiento de Colindres","description":"Dise\u00f1ado por NTIC&#039;s","publisher":{"@id":"https:\/\/www.colindres.es\/#organization"},"potentialAction":[{"@type":"SearchAction","target":{"@type":"EntryPoint","urlTemplate":"https:\/\/www.colindres.es\/?s={search_term_string}"},"query-input":{"@type":"PropertyValueSpecification","valueRequired":true,"valueName":"search_term_string"}}],"inLanguage":"es"},{"@type":"Organization","@id":"https:\/\/www.colindres.es\/#organization","name":"AYUNTAMIENTO DE COLINDRES","url":"https:\/\/www.colindres.es\/","logo":{"@type":"ImageObject","inLanguage":"es","@id":"https:\/\/www.colindres.es\/#\/schema\/logo\/image\/","url":"https:\/\/www.colindres.es\/wp-content\/uploads\/2017\/01\/LOGO-PRINCIPAL.jpg","contentUrl":"https:\/\/www.colindres.es\/wp-content\/uploads\/2017\/01\/LOGO-PRINCIPAL.jpg","width":1209,"height":579,"caption":"AYUNTAMIENTO DE COLINDRES"},"image":{"@id":"https:\/\/www.colindres.es\/#\/schema\/logo\/image\/"}}]}},"_links":{"self":[{"href":"https:\/\/www.colindres.es\/index.php\/wp-json\/wp\/v2\/pages\/16844","targetHints":{"allow":["GET"]}}],"collection":[{"href":"https:\/\/www.colindres.es\/index.php\/wp-json\/wp\/v2\/pages"}],"about":[{"href":"https:\/\/www.colindres.es\/index.php\/wp-json\/wp\/v2\/types\/page"}],"author":[{"embeddable":true,"href":"https:\/\/www.colindres.es\/index.php\/wp-json\/wp\/v2\/users\/1"}],"replies":[{"embeddable":true,"href":"https:\/\/www.colindres.es\/index.php\/wp-json\/wp\/v2\/comments?post=16844"}],"version-history":[{"count":2,"href":"https:\/\/www.colindres.es\/index.php\/wp-json\/wp\/v2\/pages\/16844\/revisions"}],"predecessor-version":[{"id":16848,"href":"https:\/\/www.colindres.es\/index.php\/wp-json\/wp\/v2\/pages\/16844\/revisions\/16848"}],"wp:featuredmedia":[{"embeddable":true,"href":"https:\/\/www.colindres.es\/index.php\/wp-json\/wp\/v2\/media\/16847"}],"wp:attachment":[{"href":"https:\/\/www.colindres.es\/index.php\/wp-json\/wp\/v2\/media?parent=16844"}],"curies":[{"name":"wp","href":"https:\/\/api.w.org\/{rel}","templated":true}]}}