{"id":15661,"date":"2020-08-15T06:40:45","date_gmt":"2020-08-15T04:40:45","guid":{"rendered":"https:\/\/www.colindres.es\/?page_id=15661"},"modified":"2020-08-15T06:54:36","modified_gmt":"2020-08-15T04:54:36","slug":"drones-2","status":"publish","type":"page","link":"https:\/\/www.colindres.es\/index.php\/encuentros-ultima-fase\/drones-2\/","title":{"rendered":"DRONES"},"content":{"rendered":"<p>[et_pb_section fb_built=\u00bb1&#8243; custom_padding_last_edited=\u00bboff|phone\u00bb admin_label=\u00bbHeader\u00bb _builder_version=\u00bb3.25.4&#8243; background_color_gradient_direction=\u00bb142deg\u00bb background_image=\u00bbhttps:\/\/www.colindres.es\/wp-content\/uploads\/2020\/08\/dj_37.jpg\u00bb parallax=\u00bbon\u00bb custom_padding=\u00bb6vw||0vw||false|\u00bb custom_padding_tablet=\u00bb||\u00bb locked=\u00bboff\u00bb][et_pb_row _builder_version=\u00bb4.4.6&#8243; max_width=\u00bbnone\u00bb custom_margin=\u00bb2vw|auto||auto||\u00bb custom_margin_tablet=\u00bb0vw||\u00bb custom_margin_last_edited=\u00bboff|desktop\u00bb custom_padding=\u00bb0px||0px||true\u00bb mix_blend_mode=\u00bboverlay\u00bb][et_pb_column type=\u00bb4_4&#8243; _builder_version=\u00bb3.25.3&#8243;][et_pb_text _builder_version=\u00bb4.4.6&#8243; text_font=\u00bb||||||||\u00bb header_font=\u00bb||||||||\u00bb header_2_font=\u00bbRoboto|800||on|||||\u00bb header_2_font_size=\u00bb9vw\u00bb header_2_letter_spacing=\u00bb0.7em\u00bb transform_scale_tablet=\u00bb\u00bb transform_scale_phone=\u00bb\u00bb transform_scale_last_edited=\u00bbon|desktop\u00bb transform_translate=\u00bb4em|0px\u00bb transform_translate_tablet=\u00bb\u00bb transform_translate_phone=\u00bb0em|0px\u00bb transform_translate_last_edited=\u00bbon|desktop\u00bb transform_translate_linked=\u00bboff\u00bb transform_rotate_tablet=\u00bb\u00bb transform_rotate_phone=\u00bb\u00bb transform_rotate_last_edited=\u00bbon|desktop\u00bb transform_skew_tablet=\u00bb\u00bb transform_skew_phone=\u00bb\u00bb transform_skew_last_edited=\u00bbon|desktop\u00bb transform_origin_tablet=\u00bb\u00bb transform_origin_phone=\u00bb\u00bb transform_origin_last_edited=\u00bbon|desktop\u00bb transform_styles_last_edited=\u00bbon|desktop\u00bb text_orientation=\u00bbcenter\u00bb background_layout=\u00bbdark\u00bb filter_opacity=\u00bb38%\u00bb header_2_font_size_tablet=\u00bb\u00bb header_2_font_size_phone=\u00bb\u00bb header_2_font_size_last_edited=\u00bbon|phone\u00bb transform_styles_tablet=\u00bb\u00bb transform_styles_phone=\u00bb\u00bb header_2_text_shadow_style=\u00bbpreset3&#8243; header_2_text_shadow_color=\u00bb#000000&#8243; text_text_align=\u00bbcenter\u00bb]<\/p>\n<h2>DRONES<\/h2>\n<p>[\/et_pb_text][\/et_pb_column][\/et_pb_row][et_pb_row _builder_version=\u00bb3.25.4&#8243; max_width=\u00bbnone\u00bb custom_padding=\u00bb0px||0px||true|\u00bb][et_pb_column type=\u00bb4_4&#8243; _builder_version=\u00bb3.25.3&#8243;][et_pb_text _builder_version=\u00bb3.27.4&#8243; text_font=\u00bbFjalla One|||on|||||\u00bb text_letter_spacing=\u00bb8px\u00bb header_font=\u00bbRoboto|800||on|||||\u00bb header_font_size=\u00bb6vw\u00bb header_letter_spacing=\u00bb0.2em\u00bb header_line_height=\u00bb1.1em\u00bb text_orientation=\u00bbcenter\u00bb background_layout=\u00bbdark\u00bb custom_margin=\u00bb-3vw|||||\u00bb header_font_size_tablet=\u00bb\u00bb header_font_size_phone=\u00bb36px\u00bb header_font_size_last_edited=\u00bbon|phone\u00bb header_letter_spacing_tablet=\u00bb\u00bb header_letter_spacing_phone=\u00bb0em\u00bb header_letter_spacing_last_edited=\u00bbon|desktop\u00bb header_text_shadow_style=\u00bbpreset3&#8243; header_text_shadow_vertical_length=\u00bb-0.03em\u00bb header_text_shadow_blur_strength=\u00bb0.15em\u00bb text_text_align=\u00bbcenter\u00bb]<\/p>\n<h1>PILOTAJE<\/h1>\n<p>\u00daNETE<\/p>\n<p>[\/et_pb_text][\/et_pb_column][\/et_pb_row][et_pb_row column_structure=\u00bb1_2,1_2&#8243; custom_padding_last_edited=\u00bbon|phone\u00bb _builder_version=\u00bb4.4.6&#8243; width=\u00bb82.8%\u00bb custom_padding=\u00bb144px||144px|40px|true|\u00bb custom_padding_tablet=\u00bb\u00bb custom_padding_phone=\u00bb60px||40px|20px\u00bb box_shadow_style=\u00bbpreset4&#8243; box_shadow_horizontal=\u00bb-30vw\u00bb box_shadow_vertical=\u00bb0px\u00bb box_shadow_color=\u00bb#ffffff\u00bb][et_pb_column type=\u00bb1_2&#8243; _builder_version=\u00bb3.25.4&#8243;][et_pb_image src=\u00bbhttps:\/\/www.colindres.es\/wp-content\/uploads\/2020\/08\/dj_25.png\u00bb _builder_version=\u00bb3.25.4&#8243; max_width_tablet=\u00bb300px\u00bb max_width_phone=\u00bb\u00bb max_width_last_edited=\u00bbon|desktop\u00bb locked=\u00bboff\u00bb][\/et_pb_image][\/et_pb_column][et_pb_column type=\u00bb1_2&#8243; _builder_version=\u00bb3.25.4&#8243; custom_padding=\u00bb||140px\u00bb][et_pb_text _builder_version=\u00bb4.4.6&#8243; text_font=\u00bb|600|||||||\u00bb text_font_size=\u00bb16px\u00bb text_line_height=\u00bb1.8em\u00bb background_layout=\u00bbdark\u00bb width=\u00bb100%\u00bb max_width=\u00bb100%\u00bb min_height=\u00bb659px\u00bb custom_padding=\u00bb|1px||||\u00bb locked=\u00bboff\u00bb]<\/p>\n<p><strong><\/strong><\/p>\n<p><strong><\/strong><span>Actividad de Iniciaci\u00f3n al vuelo de drones, los participantes podr\u00e1n disfrutar de la experiencia de controlar el vuelo de un dron. Adquiriendo los conocimientos y destrezas m\u00ednimas para poder hacerlo.<\/span><\/p>\n<p><span>Participantes Actividad organizada para j\u00f3venes nacidos posteriormente al a\u00f1o 2008. <\/span><\/p>\n<p><span>Plazas 10 plazas por grupo.<\/span><\/p>\n<p><span>Espacio.\u00a0 Colindres.<\/span><\/p>\n<p><span>Desplazamiento Los participantes lo har\u00e1n andando desde la Casa de la Juventud hasta la zona de vuelo de los drones acompa\u00f1ados con un monitor.<\/span><\/p>\n<p><span>Horario La actividad tendr\u00e1 una duraci\u00f3n de 2 horas y se har\u00e1n dos grupos en dos jornadas.<\/span><\/p>\n<p><span>Material Necesario Ropa c\u00f3moda.<\/span><\/p>\n<p><span>Calendarizaci\u00f3n <\/span><\/p>\n<ul>\n<li><span>GRUPO I ( 24 AGOSTO) <\/span><\/li>\n<li><span>GRUPO II (25 AGOSTO)<\/span><\/li>\n<\/ul>\n<p>[\/et_pb_text][\/et_pb_column][\/et_pb_row][\/et_pb_section][et_pb_section fb_built=\u00bb1&#8243; admin_label=\u00bbGallery\u00bb _builder_version=\u00bb3.25.3&#8243; custom_margin=\u00bb-100px||\u00bb custom_padding=\u00bb||9px|||\u00bb locked=\u00bboff\u00bb][et_pb_row column_structure=\u00bb1_2,1_2&#8243; use_custom_gutter=\u00bbon\u00bb gutter_width=\u00bb1&#8243; _builder_version=\u00bb3.25.3&#8243; transform_scale_tablet=\u00bb\u00bb transform_scale_phone=\u00bb\u00bb transform_scale_last_edited=\u00bbon|desktop\u00bb transform_translate=\u00bb2vw|0px\u00bb transform_translate_tablet=\u00bb0px|0px\u00bb transform_translate_phone=\u00bb\u00bb transform_translate_last_edited=\u00bbon|desktop\u00bb transform_translate_linked=\u00bboff\u00bb transform_rotate_tablet=\u00bb\u00bb transform_rotate_phone=\u00bb\u00bb transform_rotate_last_edited=\u00bbon|desktop\u00bb transform_skew_tablet=\u00bb\u00bb transform_skew_phone=\u00bb\u00bb transform_skew_last_edited=\u00bbon|desktop\u00bb transform_origin_tablet=\u00bb\u00bb transform_origin_phone=\u00bb\u00bb transform_origin_last_edited=\u00bbon|desktop\u00bb transform_styles_last_edited=\u00bbon|desktop\u00bb custom_padding=\u00bb0px||0px||true|\u00bb transform_styles_tablet=\u00bb\u00bb transform_styles_phone=\u00bb\u00bb][et_pb_column type=\u00bb1_2&#8243; _builder_version=\u00bb3.25.3&#8243; custom_padding__hover=\u00bb|||\u00bb][\/et_pb_column][et_pb_column type=\u00bb1_2&#8243; _builder_version=\u00bb3.25.3&#8243; custom_padding__hover=\u00bb|||\u00bb][et_pb_image src=\u00bbhttps:\/\/www.colindres.es\/wp-content\/uploads\/2020\/08\/drones.jpg\u00bb title_text=\u00bbdrones\u00bb align_tablet=\u00bb\u00bb align_phone=\u00bb\u00bb align_last_edited=\u00bbon|desktop\u00bb _builder_version=\u00bb4.4.6&#8243; custom_margin=\u00bb-10vw|-8vw|0px|||\u00bb custom_margin_tablet=\u00bb0px|0vw||\u00bb custom_margin_phone=\u00bb\u00bb custom_margin_last_edited=\u00bbon|desktop\u00bb custom_padding=\u00bb||0px|||\u00bb box_shadow_style=\u00bbpreset3&#8243; box_shadow_vertical=\u00bb40px\u00bb box_shadow_blur=\u00bb80px\u00bb box_shadow_color=\u00bbrgba(131,146,167,0.15)\u00bb][\/et_pb_image][\/et_pb_column][\/et_pb_row][\/et_pb_section][et_pb_section fb_built=\u00bb1&#8243; admin_label=\u00bbFooter\u00bb _builder_version=\u00bb3.25.3&#8243; custom_padding=\u00bb||120px|||\u00bb locked=\u00bboff\u00bb][et_pb_row _builder_version=\u00bb3.25.3&#8243; use_background_color_gradient=\u00bbon\u00bb background_color_gradient_start=\u00bb#f46aa0&#8243; background_color_gradient_end=\u00bb#ffb397&#8243; background_color_gradient_direction=\u00bb90deg\u00bb custom_padding=\u00bb||0px|||\u00bb locked=\u00bboff\u00bb][et_pb_column type=\u00bb4_4&#8243; _builder_version=\u00bb3.25.3&#8243;][et_pb_text _builder_version=\u00bb3.27.4&#8243; text_font=\u00bbFjalla One|||on|||||\u00bb text_text_color=\u00bbrgba(255,255,255,0.15)\u00bb text_font_size=\u00bb14vw\u00bb text_line_height=\u00bb1em\u00bb header_font=\u00bb||||||||\u00bb background_layout=\u00bbdark\u00bb custom_margin=\u00bb-3vw||-4vw|-7vw\u00bb custom_margin_phone=\u00bb||0em\u00bb custom_margin_last_edited=\u00bboff|desktop\u00bb mix_blend_mode=\u00bboverlay\u00bb animation_style=\u00bbfade\u00bb animation_direction=\u00bbleft\u00bb animation_duration=\u00bb2000ms\u00bb text_font_size_tablet=\u00bb15vw\u00bb text_font_size_phone=\u00bb\u00bb text_font_size_last_edited=\u00bbon|desktop\u00bb locked=\u00bboff\u00bb]<\/p>\n<p>Hire Me<\/p>\n<p>[\/et_pb_text][et_pb_text _builder_version=\u00bb4.4.6&#8243; text_font=\u00bb||||||||\u00bb text_font_size=\u00bb16px\u00bb text_line_height=\u00bb1.8em\u00bb header_font=\u00bb||||||||\u00bb header_2_font=\u00bbFjalla One|||on|||||\u00bb header_2_font_size=\u00bb80px\u00bb header_2_line_height=\u00bb1.2em\u00bb text_orientation=\u00bbcenter\u00bb background_layout=\u00bbdark\u00bb width_tablet=\u00bb600px\u00bb width_phone=\u00bb400px\u00bb width_last_edited=\u00bboff|phone\u00bb max_width=\u00bb700px\u00bb module_alignment=\u00bbcenter\u00bb link_option_url=\u00bbhttps:\/\/forms.gle\/p63B1JyJ28S4uW5P9&#8243; header_2_font_size_tablet=\u00bb50px\u00bb header_2_font_size_phone=\u00bb30px\u00bb header_2_font_size_last_edited=\u00bbon|phone\u00bb text_text_align=\u00bbcenter\u00bb locked=\u00bboff\u00bb]<\/p>\n<h2>RESERVA TU ENTRADA<\/h2>\n<p>[\/et_pb_text][et_pb_button button_url=\u00bb#\u00bb button_text=\u00bbContact Info\u00bb button_alignment=\u00bbright\u00bb _builder_version=\u00bb4.4.6&#8243; custom_button=\u00bbon\u00bb button_text_size=\u00bb14px\u00bb button_text_color=\u00bb#ffffff\u00bb button_bg_color=\u00bb#000000&#8243; button_bg_color_gradient_start=\u00bb#ffb397&#8243; button_bg_color_gradient_end=\u00bb#f46aa0&#8243; button_bg_color_gradient_direction=\u00bb90deg\u00bb button_border_width=\u00bb0px\u00bb button_border_radius=\u00bb0px\u00bb button_letter_spacing=\u00bb5px\u00bb button_font=\u00bbOpen Sans|700||on|||||\u00bb custom_padding=\u00bb20px|40px|20px|40px|true|true\u00bb locked=\u00bboff\u00bb][\/et_pb_button][\/et_pb_column][\/et_pb_row][\/et_pb_section]<\/p>\n","protected":false},"excerpt":{"rendered":"<p>DRONESPILOTAJE \u00daNETE Actividad de Iniciaci\u00f3n al vuelo de drones, los participantes podr\u00e1n disfrutar de la experiencia de controlar el vuelo de un dron. Adquiriendo los conocimientos y destrezas m\u00ednimas para poder hacerlo. Participantes Actividad organizada para j\u00f3venes nacidos posteriormente al a\u00f1o 2008. Plazas 10 plazas por grupo. Espacio.\u00a0 Colindres. Desplazamiento Los participantes lo har\u00e1n andando [&hellip;]<\/p>\n","protected":false},"author":1,"featured_media":15624,"parent":15601,"menu_order":0,"comment_status":"closed","ping_status":"closed","template":"","meta":{"_et_pb_use_builder":"on","_et_pb_old_content":"","_et_gb_content_width":"","footnotes":""},"class_list":["post-15661","page","type-page","status-publish","has-post-thumbnail","hentry"],"yoast_head":"<!-- This site is optimized with the Yoast SEO plugin v24.9 - https:\/\/yoast.com\/wordpress\/plugins\/seo\/ -->\n<title>DRONES - Ayuntamiento de Colindres<\/title>\n<meta name=\"robots\" content=\"index, follow, max-snippet:-1, max-image-preview:large, max-video-preview:-1\" \/>\n<link rel=\"canonical\" href=\"https:\/\/www.colindres.es\/index.php\/encuentros-ultima-fase\/drones-2\/\" \/>\n<meta property=\"og:locale\" content=\"es_ES\" \/>\n<meta property=\"og:type\" content=\"article\" \/>\n<meta property=\"og:title\" content=\"DRONES - Ayuntamiento de Colindres\" \/>\n<meta property=\"og:description\" content=\"DRONESPILOTAJE \u00daNETE Actividad de Iniciaci\u00f3n al vuelo de drones, los participantes podr\u00e1n disfrutar de la experiencia de controlar el vuelo de un dron. Adquiriendo los conocimientos y destrezas m\u00ednimas para poder hacerlo. Participantes Actividad organizada para j\u00f3venes nacidos posteriormente al a\u00f1o 2008. Plazas 10 plazas por grupo. Espacio.\u00a0 Colindres. Desplazamiento Los participantes lo har\u00e1n andando [&hellip;]\" \/>\n<meta property=\"og:url\" content=\"https:\/\/www.colindres.es\/index.php\/encuentros-ultima-fase\/drones-2\/\" \/>\n<meta property=\"og:site_name\" content=\"Ayuntamiento de Colindres\" \/>\n<meta property=\"article:modified_time\" content=\"2020-08-15T04:54:36+00:00\" \/>\n<meta property=\"og:image\" content=\"https:\/\/www.colindres.es\/wp-content\/uploads\/2020\/08\/drones.jpg\" \/>\n\t<meta property=\"og:image:width\" content=\"2160\" \/>\n\t<meta property=\"og:image:height\" content=\"2160\" \/>\n\t<meta property=\"og:image:type\" content=\"image\/jpeg\" \/>\n<meta name=\"twitter:card\" content=\"summary_large_image\" \/>\n<meta name=\"twitter:label1\" content=\"Tiempo de lectura\" \/>\n\t<meta name=\"twitter:data1\" content=\"6 minutos\" \/>\n<script type=\"application\/ld+json\" class=\"yoast-schema-graph\">{\"@context\":\"https:\/\/schema.org\",\"@graph\":[{\"@type\":\"WebPage\",\"@id\":\"https:\/\/www.colindres.es\/index.php\/encuentros-ultima-fase\/drones-2\/\",\"url\":\"https:\/\/www.colindres.es\/index.php\/encuentros-ultima-fase\/drones-2\/\",\"name\":\"DRONES - Ayuntamiento de Colindres\",\"isPartOf\":{\"@id\":\"https:\/\/www.colindres.es\/#website\"},\"primaryImageOfPage\":{\"@id\":\"https:\/\/www.colindres.es\/index.php\/encuentros-ultima-fase\/drones-2\/#primaryimage\"},\"image\":{\"@id\":\"https:\/\/www.colindres.es\/index.php\/encuentros-ultima-fase\/drones-2\/#primaryimage\"},\"thumbnailUrl\":\"https:\/\/www.colindres.es\/wp-content\/uploads\/2020\/08\/drones.jpg\",\"datePublished\":\"2020-08-15T04:40:45+00:00\",\"dateModified\":\"2020-08-15T04:54:36+00:00\",\"breadcrumb\":{\"@id\":\"https:\/\/www.colindres.es\/index.php\/encuentros-ultima-fase\/drones-2\/#breadcrumb\"},\"inLanguage\":\"es\",\"potentialAction\":[{\"@type\":\"ReadAction\",\"target\":[\"https:\/\/www.colindres.es\/index.php\/encuentros-ultima-fase\/drones-2\/\"]}]},{\"@type\":\"ImageObject\",\"inLanguage\":\"es\",\"@id\":\"https:\/\/www.colindres.es\/index.php\/encuentros-ultima-fase\/drones-2\/#primaryimage\",\"url\":\"https:\/\/www.colindres.es\/wp-content\/uploads\/2020\/08\/drones.jpg\",\"contentUrl\":\"https:\/\/www.colindres.es\/wp-content\/uploads\/2020\/08\/drones.jpg\",\"width\":2160,\"height\":2160},{\"@type\":\"BreadcrumbList\",\"@id\":\"https:\/\/www.colindres.es\/index.php\/encuentros-ultima-fase\/drones-2\/#breadcrumb\",\"itemListElement\":[{\"@type\":\"ListItem\",\"position\":1,\"name\":\"Portada\",\"item\":\"https:\/\/www.colindres.es\/\"},{\"@type\":\"ListItem\",\"position\":2,\"name\":\"ENCUENTROS \u00daLTIMA FASE\",\"item\":\"https:\/\/www.colindres.es\/index.php\/encuentros-ultima-fase\/\"},{\"@type\":\"ListItem\",\"position\":3,\"name\":\"DRONES\"}]},{\"@type\":\"WebSite\",\"@id\":\"https:\/\/www.colindres.es\/#website\",\"url\":\"https:\/\/www.colindres.es\/\",\"name\":\"Ayuntamiento de Colindres\",\"description\":\"Dise\u00f1ado por NTIC&#039;s\",\"publisher\":{\"@id\":\"https:\/\/www.colindres.es\/#organization\"},\"potentialAction\":[{\"@type\":\"SearchAction\",\"target\":{\"@type\":\"EntryPoint\",\"urlTemplate\":\"https:\/\/www.colindres.es\/?s={search_term_string}\"},\"query-input\":{\"@type\":\"PropertyValueSpecification\",\"valueRequired\":true,\"valueName\":\"search_term_string\"}}],\"inLanguage\":\"es\"},{\"@type\":\"Organization\",\"@id\":\"https:\/\/www.colindres.es\/#organization\",\"name\":\"AYUNTAMIENTO DE COLINDRES\",\"url\":\"https:\/\/www.colindres.es\/\",\"logo\":{\"@type\":\"ImageObject\",\"inLanguage\":\"es\",\"@id\":\"https:\/\/www.colindres.es\/#\/schema\/logo\/image\/\",\"url\":\"https:\/\/www.colindres.es\/wp-content\/uploads\/2017\/01\/LOGO-PRINCIPAL.jpg\",\"contentUrl\":\"https:\/\/www.colindres.es\/wp-content\/uploads\/2017\/01\/LOGO-PRINCIPAL.jpg\",\"width\":1209,\"height\":579,\"caption\":\"AYUNTAMIENTO DE COLINDRES\"},\"image\":{\"@id\":\"https:\/\/www.colindres.es\/#\/schema\/logo\/image\/\"}}]}<\/script>\n<!-- \/ Yoast SEO plugin. -->","yoast_head_json":{"title":"DRONES - Ayuntamiento de Colindres","robots":{"index":"index","follow":"follow","max-snippet":"max-snippet:-1","max-image-preview":"max-image-preview:large","max-video-preview":"max-video-preview:-1"},"canonical":"https:\/\/www.colindres.es\/index.php\/encuentros-ultima-fase\/drones-2\/","og_locale":"es_ES","og_type":"article","og_title":"DRONES - Ayuntamiento de Colindres","og_description":"DRONESPILOTAJE \u00daNETE Actividad de Iniciaci\u00f3n al vuelo de drones, los participantes podr\u00e1n disfrutar de la experiencia de controlar el vuelo de un dron. Adquiriendo los conocimientos y destrezas m\u00ednimas para poder hacerlo. Participantes Actividad organizada para j\u00f3venes nacidos posteriormente al a\u00f1o 2008. Plazas 10 plazas por grupo. Espacio.\u00a0 Colindres. Desplazamiento Los participantes lo har\u00e1n andando [&hellip;]","og_url":"https:\/\/www.colindres.es\/index.php\/encuentros-ultima-fase\/drones-2\/","og_site_name":"Ayuntamiento de Colindres","article_modified_time":"2020-08-15T04:54:36+00:00","og_image":[{"width":2160,"height":2160,"url":"https:\/\/www.colindres.es\/wp-content\/uploads\/2020\/08\/drones.jpg","type":"image\/jpeg"}],"twitter_card":"summary_large_image","twitter_misc":{"Tiempo de lectura":"6 minutos"},"schema":{"@context":"https:\/\/schema.org","@graph":[{"@type":"WebPage","@id":"https:\/\/www.colindres.es\/index.php\/encuentros-ultima-fase\/drones-2\/","url":"https:\/\/www.colindres.es\/index.php\/encuentros-ultima-fase\/drones-2\/","name":"DRONES - Ayuntamiento de Colindres","isPartOf":{"@id":"https:\/\/www.colindres.es\/#website"},"primaryImageOfPage":{"@id":"https:\/\/www.colindres.es\/index.php\/encuentros-ultima-fase\/drones-2\/#primaryimage"},"image":{"@id":"https:\/\/www.colindres.es\/index.php\/encuentros-ultima-fase\/drones-2\/#primaryimage"},"thumbnailUrl":"https:\/\/www.colindres.es\/wp-content\/uploads\/2020\/08\/drones.jpg","datePublished":"2020-08-15T04:40:45+00:00","dateModified":"2020-08-15T04:54:36+00:00","breadcrumb":{"@id":"https:\/\/www.colindres.es\/index.php\/encuentros-ultima-fase\/drones-2\/#breadcrumb"},"inLanguage":"es","potentialAction":[{"@type":"ReadAction","target":["https:\/\/www.colindres.es\/index.php\/encuentros-ultima-fase\/drones-2\/"]}]},{"@type":"ImageObject","inLanguage":"es","@id":"https:\/\/www.colindres.es\/index.php\/encuentros-ultima-fase\/drones-2\/#primaryimage","url":"https:\/\/www.colindres.es\/wp-content\/uploads\/2020\/08\/drones.jpg","contentUrl":"https:\/\/www.colindres.es\/wp-content\/uploads\/2020\/08\/drones.jpg","width":2160,"height":2160},{"@type":"BreadcrumbList","@id":"https:\/\/www.colindres.es\/index.php\/encuentros-ultima-fase\/drones-2\/#breadcrumb","itemListElement":[{"@type":"ListItem","position":1,"name":"Portada","item":"https:\/\/www.colindres.es\/"},{"@type":"ListItem","position":2,"name":"ENCUENTROS \u00daLTIMA FASE","item":"https:\/\/www.colindres.es\/index.php\/encuentros-ultima-fase\/"},{"@type":"ListItem","position":3,"name":"DRONES"}]},{"@type":"WebSite","@id":"https:\/\/www.colindres.es\/#website","url":"https:\/\/www.colindres.es\/","name":"Ayuntamiento de Colindres","description":"Dise\u00f1ado por NTIC&#039;s","publisher":{"@id":"https:\/\/www.colindres.es\/#organization"},"potentialAction":[{"@type":"SearchAction","target":{"@type":"EntryPoint","urlTemplate":"https:\/\/www.colindres.es\/?s={search_term_string}"},"query-input":{"@type":"PropertyValueSpecification","valueRequired":true,"valueName":"search_term_string"}}],"inLanguage":"es"},{"@type":"Organization","@id":"https:\/\/www.colindres.es\/#organization","name":"AYUNTAMIENTO DE COLINDRES","url":"https:\/\/www.colindres.es\/","logo":{"@type":"ImageObject","inLanguage":"es","@id":"https:\/\/www.colindres.es\/#\/schema\/logo\/image\/","url":"https:\/\/www.colindres.es\/wp-content\/uploads\/2017\/01\/LOGO-PRINCIPAL.jpg","contentUrl":"https:\/\/www.colindres.es\/wp-content\/uploads\/2017\/01\/LOGO-PRINCIPAL.jpg","width":1209,"height":579,"caption":"AYUNTAMIENTO DE COLINDRES"},"image":{"@id":"https:\/\/www.colindres.es\/#\/schema\/logo\/image\/"}}]}},"_links":{"self":[{"href":"https:\/\/www.colindres.es\/index.php\/wp-json\/wp\/v2\/pages\/15661","targetHints":{"allow":["GET"]}}],"collection":[{"href":"https:\/\/www.colindres.es\/index.php\/wp-json\/wp\/v2\/pages"}],"about":[{"href":"https:\/\/www.colindres.es\/index.php\/wp-json\/wp\/v2\/types\/page"}],"author":[{"embeddable":true,"href":"https:\/\/www.colindres.es\/index.php\/wp-json\/wp\/v2\/users\/1"}],"replies":[{"embeddable":true,"href":"https:\/\/www.colindres.es\/index.php\/wp-json\/wp\/v2\/comments?post=15661"}],"version-history":[{"count":10,"href":"https:\/\/www.colindres.es\/index.php\/wp-json\/wp\/v2\/pages\/15661\/revisions"}],"predecessor-version":[{"id":15704,"href":"https:\/\/www.colindres.es\/index.php\/wp-json\/wp\/v2\/pages\/15661\/revisions\/15704"}],"up":[{"embeddable":true,"href":"https:\/\/www.colindres.es\/index.php\/wp-json\/wp\/v2\/pages\/15601"}],"wp:featuredmedia":[{"embeddable":true,"href":"https:\/\/www.colindres.es\/index.php\/wp-json\/wp\/v2\/media\/15624"}],"wp:attachment":[{"href":"https:\/\/www.colindres.es\/index.php\/wp-json\/wp\/v2\/media?parent=15661"}],"curies":[{"name":"wp","href":"https:\/\/api.w.org\/{rel}","templated":true}]}}